{"id":8,"date":"2022-07-25T15:02:35","date_gmt":"2022-07-25T15:02:35","guid":{"rendered":"http:\/\/demetamus.online\/?page_id=8"},"modified":"2022-10-01T21:34:12","modified_gmt":"2022-10-01T21:34:12","slug":"willkommen","status":"publish","type":"page","link":"https:\/\/demetamus.online\/","title":{"rendered":"Willkommen &#8211; Work in Progress"},"content":{"rendered":"\n<p><strong>Wer wir sind<\/strong><\/p>\n\n\n\n<p>Die Demetamus GmbH ist ein kleines Unternehmen, welches alternative Energieversorgungsl\u00f6sungen anbietet, die sich aus der Windkraft speisen. Dabei setzen wir auf Unabh\u00e4ngigkeit von gro\u00dfen Energielieferanten und auf lokale Stromerzeugung.<\/p>\n\n\n\n<p>Gegr\u00fcndet wurde das Unternehmen 2021. Wir kombinieren Idealismus mit unserer Vision und m\u00f6chten unseren Beitrag leisten, um unseren Kindern eine lebenswerte, gedeihliche Welt zu hinterlassen. Ein wichtiger Baustein hierf\u00fcr sind die erneuerbaren Energien.<\/p>\n\n\n\n<p><strong>Was wir machen<\/strong><\/p>\n\n\n\n<p>Bis zur klimaneutralen Energieversorgung hat Deutschland noch einen weiten Weg vor sich. Wir liefern unseren Beitrag, um dieses Ziel zu erreichen. Gleichzeitig erkennen wir die Wichtigkeit einer lokalen, unabh\u00e4ngigen Energieerzeugung.&nbsp;<\/p>\n\n\n\n<p>Unser Fokus liegt auf kleineren, lokalen Ans\u00e4tzen. Wir greifen dank einer mobilen Herangehensweise den Wind dann ab, wenn er am st\u00e4rksten weht.<\/p>\n\n\n\n<p><strong>Unser Vorgehen<\/strong><\/p>\n\n\n\n<p>Da sich gerade das windstarke Winterhalbjahr zur Erzeugung von Windenergie anbietet, nutzen wir Agrarfl\u00e4chen direkt nach der Ernte, um dort unsere Popup-Mikrowind-Anlagen saisonal in Betrieb zu nehmen. Dort verbleiben sie bis zur erneuten Aussaat zum Fr\u00fchjahrsbeginn.<\/p>\n\n\n\n<p>Zeit um Windenergie zu ernten!<\/p>\n\n\n\n<p>Der umweltfreundliche Strom direkt vom Feld f\u00fcllt die saisonale L\u00fccke, in der Photovoltaik und Sonnenkollektoren nur wenig Energie liefern k\u00f6nnen. Bereits ein kleines Feld best\u00fcckt mit unserer Anlagen kann einen Viehwirtschaftsbetrieb im Winterhalbjahr mit Energie versorgen.<\/p>\n\n\n\n<p>Energiekosten werden immer mehr zu einem entscheidenden Kostenfaktor f\u00fcr unsere landwirtschaftlichen Betriebe.&nbsp;Unser Strom kommt in erster Linie den Landwirten zugute, welche die Felder zur Verf\u00fcgung stellen, und in zweiter Linie den Verbrauchern unseres Netzwerkes, die g\u00fcnstig Strom einkaufen k\u00f6nnen.<\/p>\n\n\n\n<p>DEMETAMUS &#8211; Power for and from the Bauer!<\/p>\n","protected":false},"excerpt":{"rendered":"<p>Wer wir sind Die Demetamus GmbH ist ein kleines Unternehmen, welches alternative Energieversorgungsl\u00f6sungen anbietet, die sich aus der Windkraft speisen. Dabei setzen wir auf Unabh\u00e4ngigkeit von gro\u00dfen Energielieferanten und auf lokale Stromerzeugung. Gegr\u00fcndet wurde das Unternehmen 2021. Wir kombinieren Idealismus mit unserer Vision und m\u00f6chten unseren Beitrag leisten, um unseren Kindern eine lebenswerte, gedeihliche Welt &hellip; <\/p>\n<p class=\"link-more\"><a href=\"https:\/\/demetamus.online\/\" class=\"more-link\"><span class=\"screen-reader-text\">\u201eWillkommen &#8211; Work in Progress\u201c <\/span>weiterlesen<\/a><\/p>\n","protected":false},"author":1,"featured_media":0,"parent":0,"menu_order":0,"comment_status":"closed","ping_status":"closed","template":"","meta":{"footnotes":""},"class_list":["post-8","page","type-page","status-publish","hentry"],"_links":{"self":[{"href":"https:\/\/demetamus.online\/index.php?rest_route=\/wp\/v2\/pages\/8","targetHints":{"allow":["GET"]}}],"collection":[{"href":"https:\/\/demetamus.online\/index.php?rest_route=\/wp\/v2\/pages"}],"about":[{"href":"https:\/\/demetamus.online\/index.php?rest_route=\/wp\/v2\/types\/page"}],"author":[{"embeddable":true,"href":"https:\/\/demetamus.online\/index.php?rest_route=\/wp\/v2\/users\/1"}],"replies":[{"embeddable":true,"href":"https:\/\/demetamus.online\/index.php?rest_route=%2Fwp%2Fv2%2Fcomments&post=8"}],"version-history":[{"count":6,"href":"https:\/\/demetamus.online\/index.php?rest_route=\/wp\/v2\/pages\/8\/revisions"}],"predecessor-version":[{"id":83,"href":"https:\/\/demetamus.online\/index.php?rest_route=\/wp\/v2\/pages\/8\/revisions\/83"}],"wp:attachment":[{"href":"https:\/\/demetamus.online\/index.php?rest_route=%2Fwp%2Fv2%2Fmedia&parent=8"}],"curies":[{"name":"wp","href":"https:\/\/api.w.org\/{rel}","templated":true}]}}